{"id":21,"date":"2017-02-26T20:01:59","date_gmt":"2017-02-26T19:01:59","guid":{"rendered":"http:\/\/damalstm.capella.uberspace.de\/?page_id=21"},"modified":"2018-01-30T18:05:06","modified_gmt":"2018-01-30T17:05:06","slug":"neue-folgen-erhalten","status":"publish","type":"page","link":"https:\/\/damals-tm-podcast.de\/?page_id=21","title":{"rendered":"Neue Folgen erhalten"},"content":{"rendered":"<p>Zuerst empfiehlt es sich, einfach den Abo-Button rechts auf dieser Seite zu probieren. Hat man irgendein podcastf\u00e4higes Programm auf seinem Ger\u00e4t installiert, dann geht das abonnieren ganz einfach und intuitiv.<\/p>\n<p>Nat\u00fcrlich kann man auch manuell den rss-feed, also einen Link, in sein gew\u00fcnschtes Programm kopieren und erh\u00e4lt so immer die neuesten Sendungen.<\/p>\n<p>Und nat\u00fcrlich kann man alles ohne Herunterladen einfach auf der Webseite anh\u00f6ren.<\/p>\n<p>Wer uns ein paar Cent in den Hut werfen oder sonstwie helfen will, schreibt am besten an die Adresse im Impressum.<\/p>\n","protected":false},"excerpt":{"rendered":"<p>Zuerst empfiehlt es sich, einfach den Abo-Button rechts auf dieser Seite zu probieren. Hat man irgendein podcastf\u00e4higes Programm auf seinem Ger\u00e4t installiert, dann geht das abonnieren ganz einfach und intuitiv. Nat\u00fcrlich kann man auch manuell den rss-feed, also einen Link, &hellip; <a href=\"https:\/\/damals-tm-podcast.de\/?page_id=21\">Weiterlesen <span class=\"meta-nav\">&rarr;<\/span><\/a><\/p>\n","protected":false},"author":1,"featured_media":0,"parent":0,"menu_order":0,"comment_status":"closed","ping_status":"closed","template":"","meta":{"footnotes":""},"class_list":["post-21","page","type-page","status-publish","hentry"],"_links":{"self":[{"href":"https:\/\/damals-tm-podcast.de\/index.php?rest_route=\/wp\/v2\/pages\/21","targetHints":{"allow":["GET"]}}],"collection":[{"href":"https:\/\/damals-tm-podcast.de\/index.php?rest_route=\/wp\/v2\/pages"}],"about":[{"href":"https:\/\/damals-tm-podcast.de\/index.php?rest_route=\/wp\/v2\/types\/page"}],"author":[{"embeddable":true,"href":"https:\/\/damals-tm-podcast.de\/index.php?rest_route=\/wp\/v2\/users\/1"}],"replies":[{"embeddable":true,"href":"https:\/\/damals-tm-podcast.de\/index.php?rest_route=%2Fwp%2Fv2%2Fcomments&post=21"}],"version-history":[{"count":2,"href":"https:\/\/damals-tm-podcast.de\/index.php?rest_route=\/wp\/v2\/pages\/21\/revisions"}],"predecessor-version":[{"id":679,"href":"https:\/\/damals-tm-podcast.de\/index.php?rest_route=\/wp\/v2\/pages\/21\/revisions\/679"}],"wp:attachment":[{"href":"https:\/\/damals-tm-podcast.de\/index.php?rest_route=%2Fwp%2Fv2%2Fmedia&parent=21"}],"curies":[{"name":"wp","href":"https:\/\/api.w.org\/{rel}","templated":true}]}}