{"id":15,"date":"2017-02-26T20:00:49","date_gmt":"2017-02-26T19:00:49","guid":{"rendered":"http:\/\/damalstm.capella.uberspace.de\/?page_id=15"},"modified":"2019-03-07T00:41:52","modified_gmt":"2019-03-06T23:41:52","slug":"hintergrundinfo","status":"publish","type":"page","link":"https:\/\/damals-tm-podcast.de\/?page_id=15","title":{"rendered":"Hintergrundinfo"},"content":{"rendered":"<p>Liebe H\u00f6rer, liebe Besucher,<\/p>\n<p>wir freuen uns \u00fcber Feedback, Ideen, Anregungen, Themenw\u00fcnsche und vieles mehr. Dazu haben wir statt einer klassischen Kommentarfunktion eine gew\u00f6hnliche e-mailadresse eingerichtet:<\/p>\n<p style=\"text-align: center;\">hoererpost (ad) damals-tm-podcast . de<\/p>\n<p style=\"text-align: left;\">Dieser Podcast berichtet vornehmlich von alten, zumeist technischen, Dingen, die uns heute noch in unserem Leben beeinflussen, und sei es nur ganz wenig und ganz indirekt in Form von Konventionen, Abk\u00fcrzungen, scheinbar unver\u00e4nderlichen Grunds\u00e4tzen usw.<\/p>\n<p style=\"text-align: left;\">Die Erkl\u00e4rungen daf\u00fcr liegen oft im damals &#8482;, und dieser Podcast kokettiert offen und ehrlich mit dem &#8222;wenn Ihr w\u00fcsstet&#8220;, dem &#8222;wir hatten ja nix damals&#8220;, &#8222;we were so poor (John Cleese)&#8220;, &#8222;wir h\u00e4tten uns ja damals(tm) die Finger geleckt nach 64 kB Hauptspeicher&#8220; und so weiter. Nicht ohne Humor, hoffen wir.<\/p>\n<p style=\"text-align: left;\">Daneben gibt es auch mal Sondersendungen, die wir als solche kennzeichnen. Sei es, dass wir den H\u00f6rern per Audio etwas wichtiges \u00fcber den Podcast selbst mitteilen wollen (sogenannte Metafolgen) oder dass wir Zeitdokumente wiedergeben wollen, die wir von historischen Orten oder Begebenheiten aus f\u00fcr die Welt aufheben m\u00f6chten, wobei der Spa\u00df am Senden mit Freunden nicht zu kurz kommt.<\/p>\n<p style=\"text-align: left;\">Wertvolle Leserpost wird, wenn vom Leser erlaubt, auch gern auszugsweise in den Beitr\u00e4gen zu den Podcastepisoden ver\u00f6ffentlicht bzw. zitiert, zum Beispiel bei Korrekturen, Erg\u00e4nzungen oder Updates zum Inhalt.<\/p>\n<p style=\"text-align: left;\">Unter &#8222;H\u00f6rerinfo&#8220; update gibt es manchmal kurze Informationen, die f\u00fcr den routinierten damals(tm)-H\u00f6rer wichtig sein k\u00f6nnen. Mit der Bitte um gefl. Beachtung.<\/p>\n<p style=\"text-align: left;\">Schlie\u00dflich haben wir gern Post mit Themenw\u00fcnschen und auch Vorschl\u00e4gen f\u00fcr Podcastg\u00e4ste,\u00a0die etwas von damals(tm) zu erz\u00e4hlen haben.<\/p>\n<p style=\"text-align: left;\">Wer twitter benutzt, sollte uns unter @damalsTM folgen; wir folgen zur\u00fcck und nehmen dann gern Nachrichten per DM an.<\/p>\n<p>Wer uns unterst\u00fctzen will, schickt am besten einen Umschlag an die Adresse im Impressum. Und verteilt gute Bewertungen auf iTunes und auf <a href=\"http:\/\/panoptikum.io\">panoptikum.io<\/a> , der alternativen Podcastsuchmaschine. Eine ebensolche ist fyyd.de<\/p>\n<p style=\"text-align: left;\">Dank und Gru\u00df<\/p>\n<p style=\"text-align: left;\">Das damals(tm)- Team<\/p>\n","protected":false},"excerpt":{"rendered":"<p>Liebe H\u00f6rer, liebe Besucher, wir freuen uns \u00fcber Feedback, Ideen, Anregungen, Themenw\u00fcnsche und vieles mehr. Dazu haben wir statt einer klassischen Kommentarfunktion eine gew\u00f6hnliche e-mailadresse eingerichtet: hoererpost (ad) damals-tm-podcast . de Dieser Podcast berichtet vornehmlich von alten, zumeist technischen, Dingen, &hellip; <a href=\"https:\/\/damals-tm-podcast.de\/?page_id=15\">Weiterlesen <span class=\"meta-nav\">&rarr;<\/span><\/a><\/p>\n","protected":false},"author":1,"featured_media":0,"parent":0,"menu_order":0,"comment_status":"closed","ping_status":"closed","template":"","meta":{"footnotes":""},"class_list":["post-15","page","type-page","status-publish","hentry"],"_links":{"self":[{"href":"https:\/\/damals-tm-podcast.de\/index.php?rest_route=\/wp\/v2\/pages\/15","targetHints":{"allow":["GET"]}}],"collection":[{"href":"https:\/\/damals-tm-podcast.de\/index.php?rest_route=\/wp\/v2\/pages"}],"about":[{"href":"https:\/\/damals-tm-podcast.de\/index.php?rest_route=\/wp\/v2\/types\/page"}],"author":[{"embeddable":true,"href":"https:\/\/damals-tm-podcast.de\/index.php?rest_route=\/wp\/v2\/users\/1"}],"replies":[{"embeddable":true,"href":"https:\/\/damals-tm-podcast.de\/index.php?rest_route=%2Fwp%2Fv2%2Fcomments&post=15"}],"version-history":[{"count":4,"href":"https:\/\/damals-tm-podcast.de\/index.php?rest_route=\/wp\/v2\/pages\/15\/revisions"}],"predecessor-version":[{"id":805,"href":"https:\/\/damals-tm-podcast.de\/index.php?rest_route=\/wp\/v2\/pages\/15\/revisions\/805"}],"wp:attachment":[{"href":"https:\/\/damals-tm-podcast.de\/index.php?rest_route=%2Fwp%2Fv2%2Fmedia&parent=15"}],"curies":[{"name":"wp","href":"https:\/\/api.w.org\/{rel}","templated":true}]}}